{"id":1303,"date":"2021-11-02T10:57:25","date_gmt":"2021-11-02T10:57:25","guid":{"rendered":"https:\/\/www.petanux.com\/?page_id=1303"},"modified":"2024-08-06T12:51:55","modified_gmt":"2024-08-06T12:51:55","slug":"about-us","status":"publish","type":"page","link":"https:\/\/petanux.com\/de\/about-us\/","title":{"rendered":"\u00dcber uns"},"content":{"rendered":"<div data-elementor-type=\"wp-page\" data-elementor-id=\"1303\" class=\"elementor elementor-1303\" data-elementor-settings=\"{&quot;ha_cmc_init_switcher&quot;:&quot;no&quot;}\">\n\t\t\t\t\t\t<div class=\"elementor-section elementor-top-section elementor-element elementor-element-5e01074 elementor-section-full_width elementor-section-height-default elementor-section-height-default\" data-id=\"5e01074\" data-element_type=\"section\" data-e-type=\"section\" data-settings=\"{&quot;_ha_eqh_enable&quot;:false}\">\n\t\t\t\t\t\t<div class=\"elementor-container elementor-column-gap-no\">\n\t\t\t\t\t<div class=\"elementor-column elementor-col-100 elementor-top-column elementor-element elementor-element-3c7285f\" data-id=\"3c7285f\" data-element_type=\"column\" data-e-type=\"column\">\n\t\t\t<div class=\"elementor-widget-wrap\">\n\t\t\t\t\t\t\t<\/div>\n\t\t<\/div>\n\t\t\t\t\t<\/div>\n\t\t<\/div>\n\t\t\t\t<section class=\"elementor-section elementor-top-section elementor-element elementor-element-ac68678 elementor-section-full_width elementor-section-height-default elementor-section-height-default\" data-id=\"ac68678\" data-element_type=\"section\" data-e-type=\"section\" data-settings=\"{&quot;background_background&quot;:&quot;classic&quot;,&quot;_ha_eqh_enable&quot;:false}\">\n\t\t\t\t\t\t<div class=\"elementor-container elementor-column-gap-no\">\n\t\t\t\t\t<div class=\"elementor-column elementor-col-100 elementor-top-column elementor-element elementor-element-10d8865\" data-id=\"10d8865\" data-element_type=\"column\" data-e-type=\"column\">\n\t\t\t<div class=\"elementor-widget-wrap elementor-element-populated\">\n\t\t\t\t\t\t<div class=\"elementor-element elementor-element-65ff520 elementor-widget elementor-widget-about-widget\" data-id=\"65ff520\" data-element_type=\"widget\" data-e-type=\"widget\" data-widget_type=\"about-widget.default\">\n\t\t\t\t<div class=\"elementor-widget-container\">\n\t\t\t\t\t\r\n        <!-- Start About Area -->\r\n                    <div class=\"about-area ptb-110\">\r\n                <div class=\"container\">\r\n                    <div class=\"row align-items-center\">\r\n                        <div class=\"col-lg-6 col-md-12\">\r\n                            <div class=\"about-image\">\r\n                                <img class=\"smartify\" sm-src=\"https:\/\/www.petanux.com\/wp-content\/uploads\/2019\/10\/about1-1-1-1.jpg\" alt=\"image\"\/>\r\n                                <img class=\"smartify\" sm-src=\"https:\/\/www.petanux.com\/wp-content\/uploads\/2019\/10\/about2-1-1-1.jpg\" alt=\"image\"\/>\r\n                            <\/div>\r\n                        <\/div>\r\n                        <div class=\"col-lg-6 col-md-12\">\r\n                            <div class=\"about-content text-left\">\r\n                                <h2>Intelligenz, die zuk\u00fcnftige Innovationen inspiriert<\/h2>                                <p style=\"text-align: justify\">Petanux wurde 2017 in Bonn, im Herzen Europas, als professionelles KI-Unternehmen gegr\u00fcndet. Petanux unterst\u00fctzt Unternehmen dabei, das Potenzial von KI und intelligenten Systemen auszusch\u00f6pfen, indem es die neuesten Entwicklungen industrieller k\u00fcnstlicher Intelligenz nutzt.<\/p><p style=\"text-align: justify\">Durch das Bereitstellen von personalisierten KI-L\u00f6sungen erm\u00f6glicht Petanux den verschiedensten Unternehmen, mehr Effizienz, Kreativit\u00e4t und Wachstum zu erzielen. Als Vorreiter der KI-Revolution erweitert Petanux Gesch\u00e4ftsm\u00f6glichkeiten und bringt die Gesellschaft insgesamt voran, indem es sich auf Spitzenforschung konzentriert und sich f\u00fcr die Umsetzung der Ergebnisse in praktische Industriel\u00f6sungen einsetzt.<\/p>\r\n                                                            <\/div>\r\n                        <\/div>\r\n                    <\/div>\r\n\r\n                    <!-- style two -->\r\n                                            <div class=\"about-inner-area text-left\">\r\n                            <div class=\"row\">                                     <div class=\"col-lg-4 col-md-6 col-sm-6\">\r\n                                        <div class=\"about-text\">\r\n                                            <h3>Unsere Geschichte<\/h3>                                            <p style=\"text-align: justify\">2017 in Bonn, Deutschland, gegr\u00fcndet, begann Petanux mit der Vision, die Kraft von KI f\u00fcr transformative Innovationen zu nutzen. Urspr\u00fcnglich auf Forschung und Innovation ausgerichtet, hat Petanux seine Expertise schnell auf eine Vielzahl von Branchen ausgeweitet durch das Anbieten ma\u00dfgeschneiderter KI-L\u00f6sungen. Bis 2020 hat sich Petanux durch bahnbrechende Projekte und Ver\u00f6ffentlichungen als f\u00fchrendes Unternehmen im Bereich der KI etabliert. Heute treibt Petanux den Fortschritt mit seinem Engagement f\u00fcr Spitzenleistungen und seiner Leidenschaft, die Grenzen der Technologie zu erweitern, weiter voran.<\/p>                                        <\/div>\r\n                                    <\/div>                                    <div class=\"col-lg-4 col-md-6 col-sm-6\">\r\n                                        <div class=\"about-text\">\r\n                                            <h3>Unsere Mission<\/h3>                                            <p class=\"p\" style=\"text-align: justify\">Unser Ziel ist es, die Industrie durch modernste k\u00fcnstliche Intelligenz zu revolutionieren, indem wir innovative und praktische L\u00f6sungen anbieten, die Fortschritt und Effizienz f\u00f6rdern. Wir setzen uns daf\u00fcr ein, die Grenzen der KI-Forschung zu erweitern und so wissenschaftliche Fortschritte in realen Anwendungen umzusetzen. Durch F\u00f6rderung einer kollaborativen und kontinuierlichen, verbesserungsbereiten Kultur zielen wir darauf ab, Unternehmen zu unterst\u00fctzen und das allt\u00e4gliche Leben zu verbessern. Gemeinsam gestalten wir die Zukunft mit intelligenter, nachhaltiger Technologie.<\/p>                                        <\/div>\r\n                                    <\/div>                                    <div class=\"col-lg-4 col-md-6 col-sm-6 offset-lg-0 offset-md-3 offset-sm-3\">\r\n                                        <div class=\"about-text\">\r\n                                            <h3>Wer wir sind<\/h3>                                            <p style=\"text-align: justify\">Wir sind ein pionierendes KI-Unternehmen basiert in Bonn, Deutschland, das sich dem Erweitern der Grenzen der KI widmet. Unser Team von Experten ist spezialisiert auf die Herstellung von innovativen und ma\u00dfgeschneiderten KI-L\u00f6sungen, die komplexe Probleme in mehreren Branchen l\u00f6sen. Seit unserer Gr\u00fcndung im Jahr 2017 haben wir uns einen Ruf f\u00fcr Exzellenz mit unserer cutting-edge Forschung, gef\u00f6rderten Projekten und wirkungsvollen Ver\u00f6ffentlichungen erarbeitet. Wir setzen uns daf\u00fcr ein, Ideen in die Realit\u00e4t umzusetzen, Fortschritt voranzutreiben und eine intelligentere Zukunft zu gestalten.<\/p>                                        <\/div>\r\n                                    <\/div>                            \r\n                            <\/div>\r\n                        <\/div>\r\n                <\/div>\r\n\r\n                                    <div class=\"shape-img1\">\r\n                        <img class=\"smartify\" sm-src=\"https:\/\/petanux.com\/wp-content\/themes\/albion\/assets\/img\/shape\/1.png\" alt=\"About Shape\"\/>\r\n                    <\/div>\r\n                    <div class=\"shape-img2\">\r\n                        <img class=\"smartify\" sm-src=\"https:\/\/petanux.com\/wp-content\/themes\/albion\/assets\/img\/shape\/2.svg\" alt=\"About Shape\"\/>\r\n                    <\/div>\r\n                    <div class=\"shape-img3\">\r\n                        <img class=\"smartify\" sm-src=\"https:\/\/petanux.com\/wp-content\/themes\/albion\/assets\/img\/shape\/3.png\" alt=\"About Shape\"\/>\r\n                    <\/div>\r\n                    <div class=\"shape-img4\">\r\n                        <img class=\"smartify\" sm-src=\"https:\/\/petanux.com\/wp-content\/themes\/albion\/assets\/img\/shape\/4.svg\" alt=\"About Shape\"\/>\r\n                    <\/div>\r\n                    <div class=\"shape-img5\">\r\n                        <img class=\"smartify\" sm-src=\"https:\/\/petanux.com\/wp-content\/themes\/albion\/assets\/img\/shape\/5.svg\" alt=\"About Shape\"\/>\r\n                    <\/div>\r\n                    <div class=\"shape-img6\">\r\n                        <img class=\"smartify\" sm-src=\"https:\/\/petanux.com\/wp-content\/themes\/albion\/assets\/img\/shape\/6.png\" alt=\"About Shape\"\/>\r\n                    <\/div>\r\n                    <div class=\"dot-shape1\">\r\n                        <img class=\"smartify\" sm-src=\"https:\/\/petanux.com\/wp-content\/themes\/albion\/assets\/img\/shape\/dot1.png\" alt=\"About Shape\"\/>\r\n                    <\/div>\r\n                    <div class=\"dot-shape2\">\r\n                        <img class=\"smartify\" sm-src=\"https:\/\/petanux.com\/wp-content\/themes\/albion\/assets\/img\/shape\/dot3.png\" alt=\"About Shape\"\/>\r\n                    <\/div>\r\n            <\/div>         <!-- End About Area -->\r\n        \t\t\t\t<\/div>\n\t\t\t\t<\/div>\n\t\t\t\t<div class=\"elementor-element elementor-element-42dc13f elementor-widget elementor-widget-service-widget\" data-id=\"42dc13f\" data-element_type=\"widget\" data-e-type=\"widget\" data-widget_type=\"service-widget.default\">\n\t\t\t\t<div class=\"elementor-widget-container\">\n\t\t\t\t\t\r\n        <!-- Start Services Area -->\r\n                    <div class=\"services-section ptb-110\">\r\n                <div class=\"container\">\r\n                                            <div class=\"section-title\">\r\n                            <h2>Ma\u00dfgeschneiderte KI L\u00f6sungen f\u00fcr Ihren Sektor<\/h2>                            <p style=\"text-align: justify\">Wir liefern ma\u00dfgeschneiderte KI-L\u00f6sungen, konzipiert f\u00fcr die Bew\u00e4ltigung der spezifischen Herausforderungen Ihrer Branche. Definieren Sie uns Ihre genaue Problemstellung und wir werden Ihnen eine innovative, KI-basierte L\u00f6sung zum Vorantreiben ihres Erfolges entwickeln.<\/p>                        <\/div>\r\n                    \r\n                    <div class=\"tab services-tab-list\">\r\n                        <div class=\"row\">\r\n                            <div class=\"col-lg-4 col-md-4\">\r\n                                <ul class=\"tabs\">\r\n                                                                    <\/ul>\r\n                            <\/div>\r\n\r\n                            <div class=\"col-lg-8 col-md-8\">\r\n                                <div class=\"tab-content\">\r\n                                                                    <\/div>\r\n                            <\/div>\r\n                        <\/div>\r\n                    <\/div>\r\n                <\/div>\r\n\r\n                                    <div class=\"shape-img1\">\r\n                        <img class=\"smartify\" sm-src=\"https:\/\/petanux.com\/wp-content\/themes\/albion\/assets\/img\/shape\/1.png\" alt=\"Shape\"\/>\r\n                    <\/div>\r\n                    <div class=\"shape-img3\">\r\n                        <img class=\"smartify\" sm-src=\"https:\/\/petanux.com\/wp-content\/themes\/albion\/assets\/img\/shape\/3.png\" alt=\"Shape\"\/>\r\n                    <\/div>\r\n                    <div class=\"shape-img2\">\r\n                        <img class=\"smartify\" sm-src=\"https:\/\/petanux.com\/wp-content\/themes\/albion\/assets\/img\/shape\/2.svg\" alt=\"Shape\"\/>\r\n                    <\/div>\r\n                    <div class=\"shape-img5\">\r\n                        <img class=\"smartify\" sm-src=\"https:\/\/petanux.com\/wp-content\/themes\/albion\/assets\/img\/shape\/5.svg\" alt=\"Shape\"\/>\r\n                    <\/div>\r\n                    <div class=\"shape-img4\">\r\n                        <img class=\"smartify\" sm-src=\"https:\/\/petanux.com\/wp-content\/themes\/albion\/assets\/img\/shape\/4.svg\" alt=\"Shape\"\/>\r\n                    <\/div>\r\n                    <div class=\"dot-shape1\">\r\n                        <img class=\"smartify\" sm-src=\"https:\/\/petanux.com\/wp-content\/themes\/albion\/assets\/img\/shape\/dot1.png\" alt=\"Shape\"\/>\r\n                    <\/div>\r\n                    <div class=\"dot-shape2\">\r\n                        <img class=\"smartify\" sm-src=\"https:\/\/petanux.com\/wp-content\/themes\/albion\/assets\/img\/shape\/dot3.png\" alt=\"Shape\"\/>\r\n                    <\/div>            <\/div>        \r\n        <!-- End Services Area -->\r\n        \t\t\t\t<\/div>\n\t\t\t\t<\/div>\n\t\t\t\t\t<\/div>\n\t\t<\/div>\n\t\t\t\t\t<\/div>\n\t\t<\/section>\n\t\t\t\t<section class=\"elementor-section elementor-top-section elementor-element elementor-element-ec81ec6 elementor-section-boxed elementor-section-height-default elementor-section-height-default\" data-id=\"ec81ec6\" data-element_type=\"section\" data-e-type=\"section\" data-settings=\"{&quot;_ha_eqh_enable&quot;:false}\">\n\t\t\t\t\t\t<div class=\"elementor-container elementor-column-gap-default\">\n\t\t\t\t\t<div class=\"elementor-column elementor-col-100 elementor-top-column elementor-element elementor-element-02b0599\" data-id=\"02b0599\" data-element_type=\"column\" data-e-type=\"column\">\n\t\t\t<div class=\"elementor-widget-wrap elementor-element-populated\">\n\t\t\t\t\t\t<div class=\"elementor-element elementor-element-9e17d6f elementor-widget elementor-widget-contact-widget\" data-id=\"9e17d6f\" data-element_type=\"widget\" data-e-type=\"widget\" data-widget_type=\"contact-widget.default\">\n\t\t\t\t<div class=\"elementor-widget-container\">\n\t\t\t\t\t\r\n        <div class=\"contact-area ptb-110\">\r\n            <div class=\"container\">\r\n                <div class=\"section-title\">\r\n                    <span><\/span>\r\n\r\n                    <h4 style=\"text-align: center\"><strong>Noch weitere Fragen, <\/strong><strong>Interesse mehr zu lernen, <\/strong><strong>m\u00f6chten Sie unsere Demo testen, <\/strong><strong>hier k\u00f6nnen Sie direkt Kontakt aufnehmen.\u00a0<\/strong><\/h4>                                    <\/div>\r\n\r\n                <div class=\"contact-form\">\r\n                    <div class=\"row align-items-center\">\r\n                        <div class=\"col-lg-5 col-md-12\">\r\n                            <div class=\"contact-image\">\r\n                                <img class=\"smartify\" sm-src=\"\" alt=\"image\"\/>\r\n                            <\/div>\r\n                        <\/div>\r\n\r\n                        <div class=\"col-lg-7 col-md-12\">\r\n                                                <\/div>\r\n                    <\/div>\r\n                <\/div>\r\n\r\n                <div class=\"contact-info\">\r\n                    <div class=\"contact-info-content\">\r\n                        <p>[formidable id=\"1\"]<\/p>                        <h2 class=\"contact-information\">\r\n                            <a href=\"tel:\"><\/a>\r\n\r\n                            <span><\/span>\r\n\r\n                            <a href=\"mailto:\"><\/a>\r\n                        <\/h2>\r\n\r\n                        <ul class=\"social\">\r\n                                                    <\/ul>\r\n                    <\/div>\r\n                <\/div>\r\n            <\/div>\r\n        <\/div>\r\n    \t\t\t\t<\/div>\n\t\t\t\t<\/div>\n\t\t\t\t\t<\/div>\n\t\t<\/div>\n\t\t\t\t\t<\/div>\n\t\t<\/section>\n\t\t\t\t<section class=\"elementor-section elementor-top-section elementor-element elementor-element-c9a0f03 elementor-section-boxed elementor-section-height-default elementor-section-height-default\" data-id=\"c9a0f03\" data-element_type=\"section\" data-e-type=\"section\" data-settings=\"{&quot;_ha_eqh_enable&quot;:false}\">\n\t\t\t\t\t\t<div class=\"elementor-container elementor-column-gap-default\">\n\t\t\t\t\t<div class=\"elementor-column elementor-col-100 elementor-top-column elementor-element elementor-element-2e51807\" data-id=\"2e51807\" data-element_type=\"column\" data-e-type=\"column\">\n\t\t\t<div class=\"elementor-widget-wrap elementor-element-populated\">\n\t\t\t\t\t\t<div class=\"elementor-element elementor-element-99a9ad4 elementor-widget elementor-widget-google_maps\" data-id=\"99a9ad4\" data-element_type=\"widget\" data-e-type=\"widget\" data-widget_type=\"google_maps.default\">\n\t\t\t\t<div class=\"elementor-widget-container\">\n\t\t\t\t\t\t\t<div class=\"elementor-custom-embed\">\n\t\t\t<iframe loading=\"lazy\"\n\t\t\t\t\tsrc=\"https:\/\/maps.google.com\/maps?q=Dottendorferstr.%2086%2C%2053129%20Bonn&#038;t=m&#038;z=10&#038;output=embed&#038;iwloc=near\"\n\t\t\t\t\ttitle=\"Dottendorferstr. 86, 53129 Bonn\"\n\t\t\t\t\taria-label=\"Dottendorferstr. 86, 53129 Bonn\"><\/iframe>\n\t\t<\/div>\n\t\t\t\t\t\t<\/div>\n\t\t\t\t<\/div>\n\t\t\t\t\t<\/div>\n\t\t<\/div>\n\t\t\t\t\t<\/div>\n\t\t<\/section>\n\t\t\t\t<\/div>","protected":false},"excerpt":{"rendered":"<p>The Intelligence that inspires Future Innovation Petanux is established in 2017 in Bonn, in the heart of Europe as a professional AI firm. Petanux assists businesses in realizing the potential of AI and intelligent systems by utilizing the most recent developments in industrial artificial intelligence. By offering personalized AI solutions, Petanux enables enterprises of various<\/p>","protected":false},"author":2,"featured_media":0,"parent":0,"menu_order":0,"comment_status":"closed","ping_status":"closed","template":"","meta":{"_acf_changed":false,"_eb_attr":"","footnotes":""},"class_list":["post-1303","page","type-page","status-publish","hentry"],"acf":[],"_links":{"self":[{"href":"https:\/\/petanux.com\/de\/wp-json\/wp\/v2\/pages\/1303","targetHints":{"allow":["GET"]}}],"collection":[{"href":"https:\/\/petanux.com\/de\/wp-json\/wp\/v2\/pages"}],"about":[{"href":"https:\/\/petanux.com\/de\/wp-json\/wp\/v2\/types\/page"}],"author":[{"embeddable":true,"href":"https:\/\/petanux.com\/de\/wp-json\/wp\/v2\/users\/2"}],"replies":[{"embeddable":true,"href":"https:\/\/petanux.com\/de\/wp-json\/wp\/v2\/comments?post=1303"}],"version-history":[{"count":0,"href":"https:\/\/petanux.com\/de\/wp-json\/wp\/v2\/pages\/1303\/revisions"}],"wp:attachment":[{"href":"https:\/\/petanux.com\/de\/wp-json\/wp\/v2\/media?parent=1303"}],"curies":[{"name":"wp","href":"https:\/\/api.w.org\/{rel}","templated":true}]}}